{"id":181,"date":"2024-03-28T10:54:33","date_gmt":"2024-03-28T09:54:33","guid":{"rendered":"https:\/\/xn--bouchi-umzge-mlb.de\/?page_id=181"},"modified":"2024-04-23T17:06:15","modified_gmt":"2024-04-23T15:06:15","slug":"agbs","status":"publish","type":"page","link":"https:\/\/xn--bouchi-umzge-mlb.de\/index.php\/agbs\/","title":{"rendered":"AGBs"},"content":{"rendered":"\n<h2 class=\"wp-block-heading\"><strong>Allgemeine Gesch\u00e4ftsbedingungen<\/strong><\/h2>\n\n\n\n<div style=\"height:34px\" aria-hidden=\"true\" class=\"wp-block-spacer\"><\/div>\n\n\n\n<h5 class=\"wp-block-heading\"><strong>Geltung<\/strong><\/h5>\n\n\n\n<p>(1)Die Leistungen und Angebote der Firma Umzug und M\u00f6beltaxi erfolgen ausschlie\u00dflich auf Grundlage nachfolgender Gesch\u00e4ftsbedingungen. Diese gelten auch f\u00fcr alle zuk\u00fcnftigen Gesch\u00e4ftsbeziehungen, auch ohne eine ausdr\u00fcckliche Vereinbarung. M\u00fcndliche Abreden sind nicht getroffen.<\/p>\n\n\n\n<p>(2)Mit der Inanspruchnahme der Funktionen und Dienste duruch Email oder Webseite kommt ein Vertrag zustande und es werden diese allgemeinen Gesch\u00e4ftsbedingungen anerkannt.<\/p>\n\n\n\n<div style=\"height:34px\" aria-hidden=\"true\" class=\"wp-block-spacer\"><\/div>\n\n\n\n<h5 class=\"wp-block-heading\"><strong>Vertragsverh\u00e4ltnis<\/strong><\/h5>\n\n\n\n<p class=\"has-text-align-left\">(1) Die folgenden Regelungen \u00fcber den Vertragsabschluss gelten f\u00fcr Auftr\u00e4ge \u00fcber unsere internetseite, E-Mail und Kundenhotline.<br>(2) Im Falle des Vertragsschlusses kommt der Vertrag mit Umzug und M\u00f6beltaxi Bouchi \u2013 Mohamad Mones Albouchi, Gesch\u00e4ftsf\u00fchrer: Mohamd Mones Albouchi, Eversbuschstrasse 24-80999 M\u00fcnchen zustande.<br>(3) Mit der Buchung der gew\u00fcnschten Dienstleistung gibt der Verbraucher ein f\u00fcr ihn verbindliches Angebot auf Abschluss eines Kaufvertrages ab.<br>(4) Umzug und M\u00f6beltaxi Bouchi verpflichtet sich zur Bef\u00f6rderung von bedingungsgerechten Lieferungen. Es steht Umzug und M\u00f6beltaxi Bouchi jedoch frei, einen Auftrag zur Bef\u00f6rderung jederzeit sowie ohne Angaben von Gr\u00fcnden abzulehnen.<\/p>\n\n\n\n<div style=\"height:34px\" aria-hidden=\"true\" class=\"wp-block-spacer\"><\/div>\n\n\n\n<h5 class=\"wp-block-heading\"><strong>Konditionen, Leistungen<\/strong><\/h5>\n\n\n\n<p>(1)Der Transportpreis bezieht sich immer auf die Angaben des Auftraggebers. War die Gr\u00f6\u00dfenangabe des Transportgutes falsch, so berechnen wir einen Mehrpreis. Bei abweichenden Zeitangaben kann ebenfalls ein Aufpreis verlangt werden.<\/p>\n\n\n\n<p>(2)Der Transportpreis (ohne Hilfe) betr\u00e4gt 50\u20ac pro angefangene Stunde. Es wird immer eine angefangene volle Stunde berechnet (60\/60).<\/p>\n\n\n\n<p>(3) Die Zeit beginnt bei der Ankunft des Fahrers beim Kunden und endet sobald das Fahrzeug wieder frei ist. (innerhalb M\u00fcnchen) Beginnt oder endet der Auftrag au\u00dferhalb von M\u00fcnchen, so ist der Benzinverbrauch und Anfahrtkosten au\u00dferhalb M\u00fcnchen vom Kunden zu tragen.<br>(4) Der erw\u00e4hnte Preis enth\u00e4lt folgende Leistungen: Der Transporter, Kraftstoff innerhalb M\u00fcnchen, alle Kilometer innerhalb M\u00fcnchen, den Fahrer, Hilfe des Fahrers beim Be- und Entladen des Fahrzeuges bis zur Bordsteinkante sowie die Nutzung der von uns angebotenen Transportsicherungen.<\/p>\n\n\n\n<p>(5) Es kann ein Helfer dazu gebucht werden. Der Mehrpreis f\u00fcr die zus\u00e4tzliche Hilfeleistung betr\u00e4gt 20\u20ac pro angefangene Stunde, die preise k\u00f6nnen variieren in Abh\u00e4ngigkeit vom Etagenanzahl, die laufstrecke, die Mitarbeitern anzahal.<br>(6) Anlaufwege Bei unseren Angeboten setzen wir voraus, dass wir mit dem Transportfahrzeug in einer max. Entfernung zum Hauseingang von 5m be- und entladen k\u00f6nnen. Sofern uns der Kunde nicht mit einer Halteverbotszone beauftragt hat und auch nicht selbst die Be- oder Entladezone freih\u00e4lt, berechnen wir zus\u00e4tzlich Tragewege im Stundenlohn.<br>(7) Die Zahlung erfolgt am Ende des Auftrages beim Fahrer oder per \u00dcberweisung auf unser Firmenkonto vor dem Termin,oder Als Echtezeit \u00dcberweisung vor beginn der Arbeit, ausschlie\u00dflich in Euro.<br>(8) Der Kunde verpflichtet sich die Rechnung unverz\u00fcglich nach Vertragsschluss zu begleichen. Abweichende Vereinbarungen bed\u00fcrfen der Schriftform bzw. sind dem Rechnungstext zu entnehmen.<\/p>\n\n\n\n<p>(9) Bei Abholung des Umzugsgutes ist der Absender verpflichtet, nachzupr\u00fcfen, dass kein Gegenstandvoder keine Einrichtung irrt\u00fcmlich mitgenommen oder stehen gelassen wird. Etwaige Sch\u00e4den oder Verluste, welche erst sp\u00e4ter gemeldet sind, k\u00f6nnen nicht geltend gemacht werden.<br>(10) Trinkgelder sind mit der Rechnung des M\u00f6belspediteurs nicht verrechenbar.<\/p>\n\n\n\n<div style=\"height:34px\" aria-hidden=\"true\" class=\"wp-block-spacer\"><\/div>\n\n\n\n<h5 class=\"wp-block-heading\"><strong>Eigentumsvorbehalt<\/strong><\/h5>\n\n\n\n<p>Unsere Mitarbeiter sind berechtigt, sich das Eigentum der Ware bis zur vollst\u00e4ndigen Bezahlung des Kaufpreises beizubehalten.<\/p>\n\n\n\n<div style=\"height:34px\" aria-hidden=\"true\" class=\"wp-block-spacer\"><\/div>\n\n\n\n<h5 class=\"wp-block-heading\"><strong>Transportsicherungen<\/strong><\/h5>\n\n\n\n<p>Der Absender ist verpflichtet, das Transportgut fachgerecht f\u00fcr den Transport sichern zu lassen. Zur \u00dcberpr\u00fcfung der fachgerechten Sicherung ist das Transportunternehmen nicht verpflichtet.<\/p>\n\n\n\n<div style=\"height:34px\" aria-hidden=\"true\" class=\"wp-block-spacer\"><\/div>\n\n\n\n<h5 class=\"wp-block-heading\"><strong>Haftung<\/strong><\/h5>\n\n\n\n<p>(1) Im Falle eines am Transportgut entstandenen Schadens haften wir. Der Auftraggeber oder Empf\u00e4nger hat einen \u00e4u\u00dferlich erkennbaren Schaden sp\u00e4testens bei der Ablieferung der Lieferung, einen nicht \u00e4u\u00dferlich erkennbaren Schaden sofort nach Ablieferung jeweils unter deutlicher Kennzeichnung des Schadens anzuzeigen. Anderenfalls wird vermutet, dass der Schaden bei Ablieferung nicht vorhanden war.<br>Sp\u00e4tere Reklamationen k\u00f6nnen nicht ber\u00fccksichtigt werden.<\/p>\n\n\n\n<p>(2) Die Haftung f\u00fcr Folgesch\u00e4den, z.B. f\u00fcr entgangenen Gewinn, ist ausgeschlossen.<br>(3) Anspr\u00fcche aus dem Vertrag kann nur der Auftraggeber als Vertragspartner von Umzug und M\u00f6beltaxi Bouchi selbst geltend machen.<\/p>\n\n\n\n<p>(4) Gem. \u00a7 439 HGB m\u00fcssen die Fristen, um einen Anspruch geltend machen zu k\u00f6nnen,<br>eingehalten werden. Soweit Anspr\u00fcche betroffen sind, welche nicht dem HGB unterliegen, sind die gesetzlichen Verj\u00e4hrungsfristen zu beachten.<\/p>\n\n\n\n<p>(5) Bei einem Schadensfall, darf kein Geld von der vereinbarten Rechnungssumme vom Absender einbehalten werden. Der Schaden wird separat \u00fcber die Versicherung gekl\u00e4rt. Handelt der Absender gegen diese Vereinbarung, gilt dies als Vertragsbruch und kann zur Anzeige f\u00fchren.<\/p>\n\n\n\n<p>(6) Gem\u00e4\u00df \u00a7 451d HGB ist das Umzugsunternehmen von der Haftung befreit, wenn der Verlust oder die Besch\u00e4digung auf eine der folgenden Gefahren zur\u00fcckzuf\u00fchren ist: Bef\u00f6rderung von Edelmetallen, Edelsteinen, Geld, Briefmarken, M\u00fcnzen, Wertpapieren oder Urkunden; ungen\u00fcgende Verpackung oder Kennzeichnung durch den Absender, Behandeln, Verladen, Entladen des Gutes durch den Absender; Verladen oder Entladen von Gut, dessen Gr\u00f6\u00dfe oder Gewicht den Raumverh\u00e4ltnissen an der Ladestelle nicht entspricht, sofern das Umzugsunternehmen auf die Gefahr einer Besch\u00e4digung hingewiesen hat und die Ausf\u00fchrung dennoch verlangt ist; Bef\u00f6rderung lebender Tiere oder Pflanzen; nat\u00fcrliche oder mangelhafte Beschaffenheit des Gutes, demzufolge das Gut besonders schadensanf\u00e4llig ist. F\u00fcr vorgenannte Ausschl\u00fcsse ist durch den Kunden eine gesonderte Versicherung des Gutes abzuschlie\u00dfen.<\/p>\n\n\n\n<div style=\"height:34px\" aria-hidden=\"true\" class=\"wp-block-spacer\"><\/div>\n\n\n\n<h5 class=\"wp-block-heading\"><strong>Teilwirksamkeit<\/strong><\/h5>\n\n\n\n<p>Sollte eine der Bestimmungen dieser AGB unwirksam sein, wird dadurch die Bestandskraft der \u00fcbrigen Bestimmungen nicht ber\u00fchrt. Die unwirksame Bestimmung ist in einem solchen Fall so zu ersetzen, dass sie ihrem Sinn m\u00f6glichst nahekommt.<\/p>\n\n\n\n<div style=\"height:34px\" aria-hidden=\"true\" class=\"wp-block-spacer\"><\/div>\n\n\n\n<h5 class=\"wp-block-heading\"><strong>Widerrufsrecht bzw. R\u00fccktritt vom Vertrag<\/strong><\/h5>\n\n\n\n<p>Die Vertragsk\u00fcndigung bedarf der Schriftform. K\u00fcndigt der Absender einen Umzugsauftrag vor dessen Durchf\u00fchrung, so wird folgender entgangener Gewinn pauschal vereinbart:<\/p>\n\n\n\n<p>-bei einer K\u00fcndigung, die nicht mehr als 12 Stunden vor dem vorgesehenen Umzug erfolgt 50% der Auftragssumme.<\/p>\n\n\n\n<p>-bei einer K\u00fcndigung, die nicht mehr als 48 Stunden vor dem vorgesehenen Umzug erfolgt 30% der Auftragssumme.<\/p>\n\n\n\n<p>-bei einer rechtzeitigen K\u00fcndigung, die vor 1 woche vom Termin entstehen dem Kunden keine Kosten.<\/p>\n\n\n\n<p>Wir behalten uns das Recht vor, den Termin jederzeit aufgrund von schlechten Wetterungsbedingungen, Unf\u00e4llen o.\u00e4. stornieren zu k\u00f6nnen. Dadurch entstandene Kosten beim Kunden k\u00f6nnen nicht von uns getragen werden.<br>Der R\u00fccktritt ist zu richten an:<\/p>\n\n\n\n<p>E-Mail: Umzug@Bouchi-moebeltaxi.de               <\/p>\n\n\n\n<p>Telefon: 015731148559<\/p>\n\n\n\n<div style=\"height:34px\" aria-hidden=\"true\" class=\"wp-block-spacer\"><\/div>\n\n\n\n<h5 class=\"wp-block-heading\"><strong>Lagervertrag \/ Einlagerungen<\/strong><\/h5>\n\n\n\n<p>Im Falle der Lagerung gelten die Allgemeinen Lagerbedingungen des Deutschen M\u00f6beltransports (ALB). Diese werden auf Verlangen des Absenders zur Verf\u00fcgung gestellt. Eine Einlagerung in unseren R\u00e4umlichkeiten kann nur erfolgen, wenn wir das Umzugsgut des Kunden komplett an- und auch ausliefern. Eine Selbsteinlagerung (Kundenseitige Anlieferung und Abholung) muss schriftlich im Auftrag vorab mit uns vereinbart werden und beinhaltet immer (aus versicherungstechnischen Gr\u00fcnden) eine von uns gestellte Einlagerungshilfe (Mitarbeiter), welcher im Tr\u00e4gerstundenlohn dem Kunden gesondert in Rechnung gestellt wird. Die Kosten einer Einlagerung beziehen sich immer auf jeden angefangenen Monat und m\u00fcssen vor der Auslagerung beglichen werden. Eine K\u00fcndigung der Einlagerung kann nur schriftlich und mit einer Frist von mindestens einen Monat erfolgen.<\/p>\n\n\n\n<div style=\"height:34px\" aria-hidden=\"true\" class=\"wp-block-spacer\"><\/div>\n\n\n\n<h5 class=\"wp-block-heading\"><strong>Vertragssprache<\/strong><\/h5>\n\n\n\n<p>Als Vertragssprache steht ausschlie\u00dflich Deutsch zur Verf\u00fcgung.<\/p>\n\n\n\n<div style=\"height:34px\" aria-hidden=\"true\" class=\"wp-block-spacer\"><\/div>\n\n\n\n<h5 class=\"wp-block-heading\"><strong>Rechtswahl<\/strong><\/h5>\n\n\n\n<p>Es gilt ausschlie\u00dflich deutsches Recht<\/p>\n\n\n\n<p>Unser Kundendienst steht Ihnen von Montag bis Samstag von 9:00 Uhr bis 20:00 Uhr unter folgenden kontaktdaten zur Verf\u00fcgung.<\/p>\n\n\n\n<p>Telefon: 015731148559<br>E-Mail: Umzug@Bouchi-moebeltaxi.de<\/p>\n\n\n\n<div style=\"height:34px\" aria-hidden=\"true\" class=\"wp-block-spacer\"><\/div>\n","protected":false},"excerpt":{"rendered":"<p>Allgemeine Gesch\u00e4ftsbedingungen Geltung (1)Die Leistungen und Angebote der Firma Umzug und M\u00f6beltaxi erfolgen ausschlie\u00dflich auf Grundlage nachfolgender Gesch\u00e4ftsbedingungen. Diese gelten auch f\u00fcr alle zuk\u00fcnftigen Gesch\u00e4ftsbeziehungen, auch ohne eine ausdr\u00fcckliche Vereinbarung. M\u00fcndliche Abreden sind nicht getroffen. (2)Mit der Inanspruchnahme der Funktionen und Dienste duruch Email oder Webseite kommt ein Vertrag zustande und es werden diese allgemeinen [&hellip;]<\/p>\n","protected":false},"author":1,"featured_media":0,"parent":0,"menu_order":0,"comment_status":"closed","ping_status":"closed","template":"","meta":{"footnotes":""},"_links":{"self":[{"href":"https:\/\/xn--bouchi-umzge-mlb.de\/index.php\/wp-json\/wp\/v2\/pages\/181"}],"collection":[{"href":"https:\/\/xn--bouchi-umzge-mlb.de\/index.php\/wp-json\/wp\/v2\/pages"}],"about":[{"href":"https:\/\/xn--bouchi-umzge-mlb.de\/index.php\/wp-json\/wp\/v2\/types\/page"}],"author":[{"embeddable":true,"href":"https:\/\/xn--bouchi-umzge-mlb.de\/index.php\/wp-json\/wp\/v2\/users\/1"}],"replies":[{"embeddable":true,"href":"https:\/\/xn--bouchi-umzge-mlb.de\/index.php\/wp-json\/wp\/v2\/comments?post=181"}],"version-history":[{"count":17,"href":"https:\/\/xn--bouchi-umzge-mlb.de\/index.php\/wp-json\/wp\/v2\/pages\/181\/revisions"}],"predecessor-version":[{"id":382,"href":"https:\/\/xn--bouchi-umzge-mlb.de\/index.php\/wp-json\/wp\/v2\/pages\/181\/revisions\/382"}],"wp:attachment":[{"href":"https:\/\/xn--bouchi-umzge-mlb.de\/index.php\/wp-json\/wp\/v2\/media?parent=181"}],"curies":[{"name":"wp","href":"https:\/\/api.w.org\/{rel}","templated":true}]}}