{"id":161,"date":"2024-03-28T10:25:25","date_gmt":"2024-03-28T09:25:25","guid":{"rendered":"https:\/\/xn--bouchi-umzge-mlb.de\/?page_id=161"},"modified":"2024-04-03T08:54:26","modified_gmt":"2024-04-03T06:54:26","slug":"impressum","status":"publish","type":"page","link":"https:\/\/xn--bouchi-umzge-mlb.de\/index.php\/impressum\/","title":{"rendered":"Impressum"},"content":{"rendered":"\n<p><strong>Impressum<\/strong><\/p>\n\n\n\n<p>Angaben gem\u00e4\u00df \u00a7 5 TMG<\/p>\n\n\n\n<p><strong>Umzug und M\u00f6beltaxi <br><\/strong>Eversbuschstrasse 24,<br>80999 M\u00fcnchen<\/p>\n\n\n\n<p>Gesch\u00e4ftsf\u00fchrer: Mohamad Mones Albouchi<\/p>\n\n\n\n<p><strong>Kontakt:<\/strong><br>Mobil: 015731148559<br>E-Mail: Umzug@bouchi-moebeltaxi.de<\/p>\n\n\n\n<p><strong>Verantwortlich f\u00fcr den Inhalt nach \u00a7 55 Abs. 2 RStV:<\/strong><br>Bouchi \u2013 Mohamad Mones Albouchi<\/p>\n\n\n\n<div style=\"height:34px\" aria-hidden=\"true\" class=\"wp-block-spacer\"><\/div>\n\n\n\n<p><strong>EU-STREITSCHLICHTUNG<\/strong><\/p>\n\n\n\n<p>Die Europ\u00e4ische Kommission stellt eine Plattform zur Online-Streitbeilegung (OS) bereit: <a style=\"letter-spacing: 0.4px; font-family: var( --e-global-typography-text-font-family ), Sans-serif; font-weight: var( --e-global-typography-text-font-weight ); text-align: var(--text-align);\" href=\"https:\/\/ec.europa.eu\/consumers\/odr\">https:\/\/ec.europa.eu\/consumers\/odr<\/a>. Unsere E-Mail-Adresse finden Sie oben im Impressum.<\/p>\n\n\n\n<p><strong>VERBRAUCHER\u00adSTREIT\u00adBEILEGUNG\/UNIVERSAL\u00adSCHLICHTUNGS\u00adSTELLE<\/strong><\/p>\n\n\n\n<p>Umzug und M\u00f6beltaxi ist nicht bereit oder verpflichtet, an Streitbeilegungsverfahren vor einer Verbraucherschlichtungsstelle teilzunehmen.<\/p>\n\n\n\n<p><strong>HAFTUNG F\u00dcR INHALTE<\/strong><\/p>\n\n\n\n<p>Als Diensteanbieter sind wir gem\u00e4\u00df \u00a7 7 Abs.1 TMG f\u00fcr eigene Inhalte auf diesen Seiten nach den allgemeinen Gesetzen verantwortlich. Nach \u00a7\u00a7 8 bis 10 TMG sind wir als Diensteanbieter jedoch nicht verpflichtet, \u00fcbermittelte oder gespeicherte fremde Informationen zu \u00fcberwachen, oder nach Umst\u00e4nden zu forschen, die auf eine rechtswidrige T\u00e4tigkeit hinweisen.<\/p>\n\n\n\n<p>Die Informationen, die auf diesen Seiten abgerufen werden k\u00f6nnen, erheben weder einen Anspruch auf Richtigkeit noch auf Vollst\u00e4ndigkeit. Die Benutzung erfolgt auf eigene Gefahr. Wir weisen ausdr\u00fccklich darauf hin, dass wir f\u00fcr die Angebote Dritter im World Wide Web (sog \u201cdeep links\u201d) nicht verantwortlich sind. Soweit Links auf die Angebote Dritter verweisen, enthalten diese nach unserer Kenntnis keine strafbaren oder anderweitig verbotenen Inhalte. F\u00fcr diese Inhalte wird keinerlei Haftung \u00fcbernommen.<\/p>\n\n\n\n<p><strong>URHEBERRECHT<\/strong><\/p>\n\n\n\n<p>Die durch die Seitenbetreiber erstellten Inhalte und Werke auf diesen Seiten unterliegen dem deutschen Urheberrecht. Die Vervielf\u00e4ltigung, Bearbeitung, Verbreitung und jede Art der Verwertung au\u00dferhalb der Grenzen des Urheberrechtes bed\u00fcrfen der schriftlichen Zustimmung des jeweiligen Autors bzw. Erstellers. Downloads und Kopien dieser Seite sind nur f\u00fcr den privaten, nicht kommerziellen Gebrauch gestattet.<\/p>\n\n\n\n<p>Soweit die Inhalte auf dieser Seite nicht vom Betreiber erstellt wurden, werden die Urheberrechte Dritter beachtet. Insbesondere werden Inhalte Dritter als solche gekennzeichnet. Sollten Sie trotzdem auf eine Urheberrechtsverletzung aufmerksam werden, bitten wir um einen entsprechenden Hinweis. Bei Bekanntwerden von Rechtsverletzungen werden wir derartige Inhalte umgehend entfernen.<\/p>\n","protected":false},"excerpt":{"rendered":"<p>Impressum Angaben gem\u00e4\u00df \u00a7 5 TMG Umzug und M\u00f6beltaxi Eversbuschstrasse 24,80999 M\u00fcnchen Gesch\u00e4ftsf\u00fchrer: Mohamad Mones Albouchi Kontakt:Mobil: 015731148559E-Mail: Umzug@bouchi-moebeltaxi.de Verantwortlich f\u00fcr den Inhalt nach \u00a7 55 Abs. 2 RStV:Bouchi \u2013 Mohamad Mones Albouchi EU-STREITSCHLICHTUNG Die Europ\u00e4ische Kommission stellt eine Plattform zur Online-Streitbeilegung (OS) bereit: https:\/\/ec.europa.eu\/consumers\/odr. Unsere E-Mail-Adresse finden Sie oben im Impressum. VERBRAUCHER\u00adSTREIT\u00adBEILEGUNG\/UNIVERSAL\u00adSCHLICHTUNGS\u00adSTELLE Umzug und [&hellip;]<\/p>\n","protected":false},"author":1,"featured_media":0,"parent":0,"menu_order":0,"comment_status":"closed","ping_status":"closed","template":"","meta":{"footnotes":""},"_links":{"self":[{"href":"https:\/\/xn--bouchi-umzge-mlb.de\/index.php\/wp-json\/wp\/v2\/pages\/161"}],"collection":[{"href":"https:\/\/xn--bouchi-umzge-mlb.de\/index.php\/wp-json\/wp\/v2\/pages"}],"about":[{"href":"https:\/\/xn--bouchi-umzge-mlb.de\/index.php\/wp-json\/wp\/v2\/types\/page"}],"author":[{"embeddable":true,"href":"https:\/\/xn--bouchi-umzge-mlb.de\/index.php\/wp-json\/wp\/v2\/users\/1"}],"replies":[{"embeddable":true,"href":"https:\/\/xn--bouchi-umzge-mlb.de\/index.php\/wp-json\/wp\/v2\/comments?post=161"}],"version-history":[{"count":17,"href":"https:\/\/xn--bouchi-umzge-mlb.de\/index.php\/wp-json\/wp\/v2\/pages\/161\/revisions"}],"predecessor-version":[{"id":265,"href":"https:\/\/xn--bouchi-umzge-mlb.de\/index.php\/wp-json\/wp\/v2\/pages\/161\/revisions\/265"}],"wp:attachment":[{"href":"https:\/\/xn--bouchi-umzge-mlb.de\/index.php\/wp-json\/wp\/v2\/media?parent=161"}],"curies":[{"name":"wp","href":"https:\/\/api.w.org\/{rel}","templated":true}]}}